{"id":899,"date":"2021-02-11T17:43:26","date_gmt":"2021-02-11T16:43:26","guid":{"rendered":"http:\/\/milvocesvioletas.org\/?page_id=899"},"modified":"2024-07-07T11:05:29","modified_gmt":"2024-07-07T09:05:29","slug":"junta-directiva","status":"publish","type":"page","link":"https:\/\/www.milvocesvioletas.org\/index.php\/quienes-somos\/junta-directiva\/","title":{"rendered":"Junta Directiva"},"content":{"rendered":"<h3 style=\"text-align: center;\"><strong>Junta directiva<\/strong><\/h3>\n<p style=\"text-align: center;\">La junta directiva es el coraz\u00f3n de cualquier asociaci\u00f3n. En nuestro caso, cada una de las personas que la conforman aporta algo verdaderamente importante. No son solo sus ideas y c\u00f3mo las llevan a cabo, sino la pasi\u00f3n que ponen en el desarrollo de sus proyectos personales y su implicaci\u00f3n comunitaria con la lucha feminista y con muchas otras causas que son fundamentales para la construcci\u00f3n de un futuro m\u00e1s justo.<\/p>\n<p><a href=\"http:\/\/www.milvocesvioletas.org\/wp-content\/uploads\/2021\/03\/WhatsApp-Image-2021-02-11-at-17.27.06-1.jpeg\"><img loading=\"lazy\" decoding=\"async\" class=\"aligncenter wp-image-950 size-medium\" title=\"Haz click para ampliar\" src=\"http:\/\/www.milvocesvioletas.org\/wp-content\/uploads\/2021\/03\/WhatsApp-Image-2021-02-11-at-17.27.06-1-300x225.jpeg\" alt=\"\" width=\"300\" height=\"225\" srcset=\"https:\/\/www.milvocesvioletas.org\/wp-content\/uploads\/2021\/03\/WhatsApp-Image-2021-02-11-at-17.27.06-1-300x225.jpeg 300w, https:\/\/www.milvocesvioletas.org\/wp-content\/uploads\/2021\/03\/WhatsApp-Image-2021-02-11-at-17.27.06-1-768x576.jpeg 768w, https:\/\/www.milvocesvioletas.org\/wp-content\/uploads\/2021\/03\/WhatsApp-Image-2021-02-11-at-17.27.06-1-600x450.jpeg 600w, https:\/\/www.milvocesvioletas.org\/wp-content\/uploads\/2021\/03\/WhatsApp-Image-2021-02-11-at-17.27.06-1.jpeg 1024w\" sizes=\"(max-width: 300px) 100vw, 300px\" \/><\/a><\/p>\n<p>Puedes ponerte en contacto con nosotras a trav\u00e9s del email:<\/p>\n<ul>\n<li>\n<h5>Aridane Cuevas (Coordinadora): <a href=\"mailto:coordinacion@milvocesvioletas.org\"><em><strong><span style=\"color: #800080;\">coordinacion@milvocesvioletas.org<\/span><\/strong><\/em><\/a><\/h5>\n<\/li>\n<\/ul>\n<ul>\n<li>\n<h5>Sara Barroso (Presidencia): <a href=\"mailto:presidencia@milvocesvioletas.org\"><em><strong><span style=\"color: #800080;\">presidencia@milvocesvioletas.org<\/span><\/strong><\/em><\/a><\/h5>\n<\/li>\n<li>\n<h5>Patricia Fern\u00e1ndez (Vicepresidencia): <a href=\"mailto:patricia.fdez@milvocesvioletas.org\"><em><strong><span style=\"color: #800080;\">patricia.fdez@milvocesvioletas.org<\/span><\/strong><\/em><\/a><\/h5>\n<\/li>\n<li>\n<h5>Paloma Navarro (Secretaria): <a href=\"mailto:secretaria@milvocesvioletas.org\"><span style=\"color: #800080;\"><em><strong>secretaria@milvocesvioletas.org<\/strong><\/em><\/span><\/a><\/h5>\n<\/li>\n<li>\n<h5>Jennifer Meana (Tesorera): <a href=\"mailto:tesoreria@milvocesvioletas.org\"><span style=\"color: #800080;\"><em><strong>tesoreria@milvocesvioletas.org<\/strong><\/em><\/span><\/a><\/h5>\n<\/li>\n<\/ul>\n","protected":false},"excerpt":{"rendered":"<p>Junta directiva La junta directiva es el coraz\u00f3n de cualquier asociaci\u00f3n. En nuestro caso, cada una de las personas que la conforman aporta algo verdaderamente importante. No son solo sus ideas y c\u00f3mo las llevan a cabo, sino la pasi\u00f3n que ponen en el desarrollo de sus proyectos personales y su implicaci\u00f3n comunitaria con la<\/p>\n","protected":false},"author":1,"featured_media":0,"parent":231,"menu_order":0,"comment_status":"closed","ping_status":"closed","template":"fullwidth.php","meta":{"footnotes":""},"_links":{"self":[{"href":"https:\/\/www.milvocesvioletas.org\/index.php\/wp-json\/wp\/v2\/pages\/899"}],"collection":[{"href":"https:\/\/www.milvocesvioletas.org\/index.php\/wp-json\/wp\/v2\/pages"}],"about":[{"href":"https:\/\/www.milvocesvioletas.org\/index.php\/wp-json\/wp\/v2\/types\/page"}],"author":[{"embeddable":true,"href":"https:\/\/www.milvocesvioletas.org\/index.php\/wp-json\/wp\/v2\/users\/1"}],"replies":[{"embeddable":true,"href":"https:\/\/www.milvocesvioletas.org\/index.php\/wp-json\/wp\/v2\/comments?post=899"}],"version-history":[{"count":15,"href":"https:\/\/www.milvocesvioletas.org\/index.php\/wp-json\/wp\/v2\/pages\/899\/revisions"}],"predecessor-version":[{"id":1239,"href":"https:\/\/www.milvocesvioletas.org\/index.php\/wp-json\/wp\/v2\/pages\/899\/revisions\/1239"}],"up":[{"embeddable":true,"href":"https:\/\/www.milvocesvioletas.org\/index.php\/wp-json\/wp\/v2\/pages\/231"}],"wp:attachment":[{"href":"https:\/\/www.milvocesvioletas.org\/index.php\/wp-json\/wp\/v2\/media?parent=899"}],"curies":[{"name":"wp","href":"https:\/\/api.w.org\/{rel}","templated":true}]}}