{"id":3,"date":"2018-10-29T22:09:31","date_gmt":"2018-10-29T22:09:31","guid":{"rendered":"http:\/\/milvocesvioletas.duckdns.org\/?page_id=3"},"modified":"2024-07-06T17:17:42","modified_gmt":"2024-07-06T15:17:42","slug":"politica-privacidad","status":"publish","type":"page","link":"https:\/\/www.milvocesvioletas.org\/index.php\/politica-privacidad\/","title":{"rendered":"Pol\u00edtica de privacidad, aviso legal, condiciones de uso y cookies"},"content":{"rendered":"<p>Qui\u00e9nes somos<\/p>\n<p>La direcci\u00f3n de nuestra web es: <span style=\"color: #800080;\">http:\/\/milvocesviolestas.org<\/span>. Somos <span style=\"color: #800080;\">Mil Voces Violetas<\/span>, una asociaci\u00f3n feminista asturiana con sede en\u00a0<span style=\"font-weight: 400;\">Calle Manuel Llaneza 68, planta baja, 33208, Gij\u00f3n.<\/span><\/p>\n<p style=\"text-align: center;\"><span style=\"font-weight: 400;\">Documento revisado el 5\/11\/2018<\/span><\/p>\n<h1><b>Aviso Legal<\/b><\/h1>\n<p><span style=\"font-weight: 400;\">El Aviso Legal regula las condiciones, el acceso y la utilizaci\u00f3n del sitio Web, sus contenidos.<\/span><\/p>\n<p><span style=\"font-weight: 400;\"><span style=\"color: #800080;\">Mil Voces Violetas<\/span> se reserva el derecho de efectuar sin previo aviso las modificaciones que considere oportunas en su sitio Web, pudiendo cambiar, suprimir o a\u00f1adir tanto los contenidos como la forma en la que \u00e9stos aparezcan presentados o localizados en su sitio Web.<\/span><\/p>\n<p><span style=\"font-weight: 400;\">Toda persona que acceda a este Sitio Web asume el papel de Usuario, comprometi\u00e9ndose a la observancia y cumplimiento riguroso de las disposiciones aqu\u00ed dispuestas, as\u00ed como a cualesquiera otra disposici\u00f3n legal que fuera de aplicaci\u00f3n.<\/span><\/p>\n<p><b>Finalidad de la web<\/b><\/p>\n<p><span style=\"font-weight: 400;\">El objeto de este portal es ofrecer un espacio donde puedes conocer el trabajo de la asociaci\u00f3n e informarte de nuestras actividades. <\/span><\/p>\n<p><b>Responsabilidad<\/b><\/p>\n<p><span style=\"font-weight: 400;\"><span style=\"color: #800080;\">Mil Voces Violetas<\/span> no garantiza la continuidad, disponibilidad y utilidad del Sitio Web, ni de los Contenidos o Servicios. Se har\u00e1 todo lo posible por el buen funcionamiento del Sitio Web, sin embargo, no se responsabiliza ni garantiza que el acceso a este Sitio Web no vaya a ser ininterrumpido o que est\u00e9 libre de error.<\/span><\/p>\n<p><span style=\"font-weight: 400;\">Tampoco se responsabiliza o garantiza que el contenido o software al que pueda accederse a trav\u00e9s de este Sitio Web, est\u00e9 libre de error o cause un da\u00f1o al sistema inform\u00e1tico (software y hardware) del Usuario. En ning\u00fan caso <span style=\"color: #800080;\">Mil Voces Violetas<\/span> ser\u00e1 responsable por las p\u00e9rdidas, da\u00f1os o perjuicios de cualquier tipo que surjan por el acceso, navegaci\u00f3n y el uso del Sitio Web, incluy\u00e9ndose, pero no limit\u00e1ndose, a los ocasionados a los sistemas inform\u00e1ticos o los provocados por la introducci\u00f3n de virus.<\/span><\/p>\n<p><span style=\"font-weight: 400;\"><span style=\"color: #800080;\">Mil Voces Violetas<\/span> tampoco se hace responsable de los da\u00f1os que pudiesen ocasionarse a los usuarios por un uso inadecuado de este Sitio Web. En particular, no se hace responsable en modo alguno de las ca\u00eddas, interrupciones, falta o defecto de las telecomunicaciones que pudieran ocurrir.<\/span><\/p>\n<p><span style=\"font-weight: 400;\"><span style=\"color: #800080;\">Mil Voces Violetas<\/span> est\u00e1 dirigido principalmente a Usuarias\/os residentes en Espa\u00f1a. No se asegura que el Sitio Web cumpla con legislaciones de otros pa\u00edses, ya sea total o parcialmente. Si el Usuario reside o tiene su domiciliado en otro lugar y decide acceder y\/o navegar en el Sitio Web lo har\u00e1 bajo su propia responsabilidad, deber\u00e1 asegurarse de que tal acceso y navegaci\u00f3n cumple con la legislaci\u00f3n local que le es aplicable, no asumiendo responsabilidad alguna que se pueda derivar de dicho acceso.<\/span><\/p>\n<p><b>Protecci\u00f3n de datos<\/b><\/p>\n<p><span style=\"font-weight: 400;\">De conformidad con lo que establece el Reglamento (UE) 2016\/679 del Parlamento Europeo y del Consejo de 27 de abril de 2016 relativo a la protecci\u00f3n de los datos personales, <span style=\"color: #800080;\">Mil Voces Violetas<\/span> se compromete a adoptar las medidas t\u00e9cnicas y organizativas necesarias, seg\u00fan el nivel de seguridad de los datos recabados, de forma que garanticen la seguridad de los datos de car\u00e1cter personal y eviten su alteraci\u00f3n, p\u00e9rdida, tratamiento o acceso no autorizado.<\/span><\/p>\n<p><span style=\"font-weight: 400;\">Para ampliar informaci\u00f3n, consulte la pol\u00edtica de privacidad<\/span>\u00a0 m\u00e1s abajo\u00a0<span style=\"font-weight: 400;\">en esta misma p\u00e1gina.<\/span><\/p>\n<p><b>Propiedad intelectual<\/b><\/p>\n<p><span style=\"font-weight: 400;\"><span style=\"color: #800080;\">Mil Voces Violetas<\/span>, incluyendo a t\u00edtulo enunciativo pero no limitativo su edici\u00f3n, compilaci\u00f3n y dem\u00e1s elementos necesarios para su funcionamiento, los dise\u00f1os, logotipos, texto y\/o gr\u00e1ficos son propiedad del <span style=\"color: #800080;\">Mil Voces Violetas<\/span> o en su caso dispone de licencia o autorizaci\u00f3n expresa por parte de los autores. Todos los contenidos del Sitio Web se encuentran debidamente protegidos por la normativa de propiedad intelectual e industrial, as\u00ed como inscritos en los registros p\u00fablicos correspondientes.<\/span><\/p>\n<p><span style=\"font-weight: 400;\">Independientemente de la finalidad para la que fueran destinados, la reproducci\u00f3n total o parcial, uso, explotaci\u00f3n, distribuci\u00f3n y comercializaci\u00f3n, requiere en todo caso de la autorizaci\u00f3n escrita previa por nuestra parte. Cualquier uso no autorizado previamente por parte de <span style=\"color: #800080;\">Mil Voces Violetas<\/span> ser\u00e1 considerado un incumplimiento grave de los derechos de propiedad intelectual del autor.<\/span><\/p>\n<p><span style=\"font-weight: 400;\">Los dise\u00f1os, logotipos, texto y\/o gr\u00e1ficos ajenos a<span style=\"color: #800080;\"> Mil Voces Violetas<\/span> y que pudieran aparecer en el sitio web, pertenecen a sus respectivos propietarios, siendo ellos mismos responsables de cualquier posible controversia que pudiera suscitarse respecto a los mismos. <\/span><\/p>\n<p><span style=\"font-weight: 400;\"><span style=\"color: #800080;\">Mil Voces Violetas<\/span> reconoce a favor de sus titulares los correspondientes derechos de propiedad industrial o intelectual, no implicando su sola menci\u00f3n o aparici\u00f3n en el sitio web la existencia de derechos o responsabilidad alguna <span style=\"color: #800080;\">Mil Voces Violetas<\/span> sobre los mismos, como tampoco respaldo, patrocinio o recomendaci\u00f3n por parte del mismo.<\/span><\/p>\n<p><span style=\"font-weight: 400;\">Para realizar cualquier tipo de observaci\u00f3n respecto a posibles incumplimientos de los derechos de propiedad intelectual o industrial, as\u00ed como sobre cualquiera de los contenidos del sitio web, puede hacerlo a trav\u00e9s del siguiente correo electr\u00f3nico: <\/span><span style=\"color: #800080;\"><em><strong><a style=\"color: #800080;\" href=\"mailto:coordinacion@milvocesvioletas.org\">coordinacion@milvocesvioletas.org<\/a><\/strong><\/em><\/span><\/p>\n<p><b>Pol\u00edtica de enlaces<\/b><\/p>\n<p><span style=\"font-weight: 400;\">Esta web puede enlazar a contenidos de otros blogs que considere de inter\u00e9s para el tema tratado. Siempre se enlaza con sitios de confianza y que sean respetuosos con tus derechos como usuario. No obstante, no se puede responder de los resultados que puedas obtener con motivo del acceso a tales sitios enlazados.<\/span><\/p>\n<p><b>Duraci\u00f3n y modificaci\u00f3n<\/b><\/p>\n<p><span style=\"font-weight: 400;\">Este aviso legal podr\u00e1 ser modificado en cualquier momento, atendiendo a la evoluci\u00f3n de esta web y los contenidos en ella ofrecidos. <\/span><\/p>\n<p><b>Legislaci\u00f3n aplicable y Jurisdicci\u00f3n<\/b><\/p>\n<p><span style=\"font-weight: 400;\">Para la resoluci\u00f3n de todas las controversias o cuestiones relacionadas con el presente sitio web o de las actividades en \u00e9l desarrolladas, ser\u00e1 de aplicaci\u00f3n la legislaci\u00f3n espa\u00f1ola, a la que se someten expresamente las partes, siendo competentes para la resoluci\u00f3n de todos los conflictos derivados o relacionados con su uso los Juzgados y Tribunales de Asturias.<\/span><\/p>\n<p><b>Normas de conducta<\/b><\/p>\n<p><span style=\"font-weight: 400;\">Los usuarios son responsable de sus comentarios, donde se deben mantener unas normas m\u00ednimas de respeto. <span style=\"color: #800080;\">Mil Voces Violetas<\/span> se reserva el derecho de borrarlos si resultan ofensivos, inadecuados o denigrantes.<\/span><\/p>\n<p><strong>Medios<\/strong><\/p>\n<p>Si subes im\u00e1genes a la web deber\u00edas evitar subir im\u00e1genes con datos de ubicaci\u00f3n (GPS EXIF) incluidos. Los visitantes de la web pueden descargar y extraer cualquier dato de localizaci\u00f3n de las im\u00e1genes de la web.<\/p>\n<h1><b>POL\u00cdTICA DE PRIVACIDAD<\/b><\/h1>\n<p><span style=\"font-weight: 400;\">Esta web cumple el Reglamento (UE) 2016\/679 del Parlamento Europeo y del Consejo, de 27 de abril de 2016, relativo a la protecci\u00f3n de las personas f\u00edsicas en lo que respecta al tratamiento de datos personales y a la libre circulaci\u00f3n de estos datos y por el que se deroga la Directiva 95\/46\/CE (En adelante, RGPD).<\/span><\/p>\n<p><b>C\u00f3mo se obtienen los datos<\/b><\/p>\n<p><span style=\"font-weight: 400;\">Los Usuarios, mediante la marcaci\u00f3n de la casilla, aceptan expresamente y de forma libre e inequ\u00edvoca que sus datos personales sean tratados por parte del <span style=\"color: #800080;\">Mil Voces Violetas<\/span> para realizar las siguientes finalidades:<\/span><\/p>\n<ul>\n<li style=\"font-weight: 400;\"><span style=\"font-weight: 400;\">Responder a los comentarios de la web.<\/span><\/li>\n<li style=\"font-weight: 400;\"><span style=\"font-weight: 400;\">Inscribir a nuevas asociadas.<\/span><\/li>\n<\/ul>\n<p><span style=\"font-weight: 400;\">Los datos que se solicitan a trav\u00e9s del Sitio Web son obligatorios, ya que son necesarios para la prestaci\u00f3n de un servicio \u00f3ptimo al usuario. En caso de que no sean facilitados todos los datos, el prestador no garantiza que la informaci\u00f3n y servicios facilitados sean completamente ajustados a sus necesidades.<\/span><\/p>\n<p><span style=\"font-weight: 400;\">La base legal para el tratamiento de sus datos es: <\/span><b>el consentimiento<\/b><span style=\"font-weight: 400;\">.<\/span><\/p>\n<p><span style=\"font-weight: 400;\">El usuario es el \u00fanico responsable de la veracidad y correcci\u00f3n de los datos que remita a al prestador, exonerando a \u00e9ste de cualquier responsabilidad al respecto. Los usuarios garantizan y responden, en cualquier caso, de la exactitud, vigencia y autenticidad de los datos personales facilitados, y se comprometen a mantenerlos debidamente actualizados. El usuario acepta proporcionar informaci\u00f3n completa y correcta en el formulario de contacto o suscripci\u00f3n.<\/span><\/p>\n<p><span style=\"font-weight: 400;\">El usuario podr\u00e1 dirigir sus comunicaciones y ejercitar los <\/span><b>derechos de acceso, rectificaci\u00f3n, cancelaci\u00f3n y oposici\u00f3n<\/b><span style=\"font-weight: 400;\"> a trav\u00e9s de correo postal en <\/span><span style=\"font-weight: 400;\">Calle Manuel Llaneza 68, planta baja, 33208, Gij\u00f3n, Asturias<\/span><span style=\"font-weight: 400;\">, o al correo electr\u00f3nico: <\/span><em><strong><span style=\"color: #993366;\"><a style=\"color: #993366;\" href=\"mailto:coordinacion@milvocesvioletas.org\"><span style=\"color: #800080;\">coordinacion@milvocesvioletas.org<\/span><\/a><\/span><\/strong><\/em><span style=\"font-weight: 400;\"> junto con prueba v\u00e1lida en derecho, como fotocopia del D.N.I. o equivalente, indicando en el asunto \u201cProtecci\u00f3n de Datos\u201d.<\/span><\/p>\n<p><span style=\"font-weight: 400;\">Se han adoptado todas las medidas t\u00e9cnicas y de organizaci\u00f3n necesarias para garantizar la seguridad e integridad de los datos de car\u00e1cter personal que trate, as\u00ed como para evitar su p\u00e9rdida, alteraci\u00f3n y\/o acceso por parte de terceros no autorizados.<\/span><\/p>\n<p><b>Modificaci\u00f3n en la pol\u00edtica de privacidad<\/b><\/p>\n<p><span style=\"font-weight: 400; color: #800080;\">Mil Voces Violetas <\/span><span style=\"font-weight: 400;\">se reserva el derecho a modificar la presente pol\u00edtica para adaptarla a novedades legislativas o jurisprudenciales as\u00ed como a pr\u00e1cticas de la industria. En dichos supuestos, <span style=\"color: #800080;\">Mil Voces Violetas<\/span> anunciar\u00e1 en esta p\u00e1gina los cambios introducidos con razonable antelaci\u00f3n a su puesta en pr\u00e1ctica.<\/span><\/p>\n<h1><b>POLITICA DE COOKIES<\/b><\/h1>\n<p><b>\u00bfQu\u00e9 son las cookies?<\/b><\/p>\n<p><span style=\"font-weight: 400;\">Cookie es un fichero que se descarga en su ordenador al acceder a determinadas p\u00e1ginas web. Las cookies permiten a una p\u00e1gina web, entre otras cosas, almacenar y recuperar informaci\u00f3n sobre los h\u00e1bitos de navegaci\u00f3n de un usuario o de su equipo y, dependiendo de la informaci\u00f3n que contengan y de la forma en que utilice su equipo, pueden utilizarse para reconocer al usuario.<\/span><\/p>\n<p><span style=\"font-weight: 400;\">El navegador del usuario memoriza cookies en el disco duro solamente durante la sesi\u00f3n actual ocupando un espacio de memoria m\u00ednimo y no perjudicando al ordenador. Las cookies no contienen ninguna clase de informaci\u00f3n personal espec\u00edfica, y la mayor\u00eda de las mismas se borran del disco duro al finalizar la sesi\u00f3n de navegador (las denominadas cookies de sesi\u00f3n).<\/span><\/p>\n<p><span style=\"font-weight: 400;\">La mayor\u00eda de los navegadores aceptan como est\u00e1ndar a las cookies y, con independencia de las mismas, permiten o impiden en los ajustes de seguridad las cookies temporales o memorizadas.<\/span><\/p>\n<p><span style=\"font-weight: 400;\">Sin su expreso consentimiento \u2013mediante la activaci\u00f3n de las cookies en su navegador\u2013 <span style=\"color: #800080;\">Mil Voces Violetas<\/span> no enlazar\u00e1 en las cookies los datos memorizados con sus datos personales proporcionados en el momento del registro.<\/span><\/p>\n<p>Si dejas un <strong>comentario<\/strong> en nuestro sitio puedes elegir guardar tu nombre, direcci\u00f3n de correo electr\u00f3nico y web en cookies. Esto es para tu comodidad, para que no tengas que volver a rellenar tus datos cuando dejes otro comentario. Estas cookies tendr\u00e1n una duraci\u00f3n de un a\u00f1o. Si tienes una cuenta y te conectas a este sitio, instalaremos una cookie temporal para determinar si tu navegador acepta cookies. Esta cookie no contiene datos personales y se elimina al cerrar el navegador.<\/p>\n<p>Cuando <strong>inicias sesi\u00f3n<\/strong>, tambi\u00e9n instalaremos varias cookies para guardar tu informaci\u00f3n de inicio de sesi\u00f3n y tus opciones de visualizaci\u00f3n de pantalla. Las cookies de inicio de sesi\u00f3n duran dos d\u00edas, y las cookies de opciones de pantalla duran un a\u00f1o. Si seleccionas \u00abRecordarme\u00bb, tu inicio de sesi\u00f3n perdurar\u00e1 durante dos semanas. Si sales de tu cuenta, las cookies de inicio de sesi\u00f3n se eliminar\u00e1n.<\/p>\n<p>Si editas o publicas un art\u00edculo se guardar\u00e1 una cookie adicional en tu navegador. Esta cookie no incluye datos personales y simplemente indica el ID del art\u00edculo que acabas de editar. Caduca despu\u00e9s de 1 d\u00eda.<\/p>\n<p><strong>Contenido incrustado de otros sitios web<\/strong><\/p>\n<p>Los art\u00edculos de este sitio pueden incluir contenido incrustado (por ejemplo, v\u00eddeos, im\u00e1genes, art\u00edculos, etc.). El contenido incrustado de otras web se comporta exactamente de la misma manera que si el visitante hubiera visitado la otra web.<\/p>\n<p>Estas web pueden recopilar datos sobre ti, utilizar cookies, incrustar un seguimiento adicional de terceros, y supervisar tu interacci\u00f3n con ese contenido incrustado, incluido el seguimiento de tu interacci\u00f3n con el contenido incrustado si tienes una cuenta y est\u00e1s conectado a esa web.<\/p>\n<p><b>\u00bfQu\u00e9 tipos de cookies utiliza esta p\u00e1gina web?<\/b><\/p>\n<p><span style=\"font-weight: 400;\">&#8211; Cookies t\u00e9cnicas: Son aquellas que permiten al usuario la navegaci\u00f3n a trav\u00e9s de una p\u00e1gina web, plataforma o aplicaci\u00f3n y la utilizaci\u00f3n de las diferentes opciones o servicios que en ella existan como, por ejemplo, controlar el tr\u00e1fico y la comunicaci\u00f3n de datos, identificar la sesi\u00f3n, acceder a partes de acceso restringido, recordar los elementos que integran un pedido, realizar el proceso de compra de un pedido, realizar la solicitud de inscripci\u00f3n o participaci\u00f3n en un evento, utilizar elementos de seguridad durante la navegaci\u00f3n, almacenar contenidos para la difusi\u00f3n de videos o sonido o compartir contenidos a trav\u00e9s de redes sociales.<\/span><\/p>\n<p><span style=\"font-weight: 400;\">&#8211; Cookies de personalizaci\u00f3n: Son aquellas que permiten al usuario acceder al servicio con algunas caracter\u00edsticas de car\u00e1cter general predefinidas en funci\u00f3n de una serie de criterios en el terminal del usuario como por ejemplo serian el idioma, el tipo de navegador a trav\u00e9s del cual accede al servicio, la configuraci\u00f3n regional desde donde accede al servicio, etc.<\/span><\/p>\n<p><span style=\"font-weight: 400;\">&#8211; Cookies de an\u00e1lisis: Son aquellas que bien tratadas por nosotros o por terceros, nos permiten cuantificar el n\u00famero de usuarios y as\u00ed realizar la medici\u00f3n y an\u00e1lisis estad\u00edstico de la utilizaci\u00f3n que hacen los usuarios de nuestra p\u00e1gina web. Para ello se analiza su navegaci\u00f3n en nuestra p\u00e1gina web con el fin de mejorar.<\/span><\/p>\n<p><b>Cookies de terceros<\/b><span style=\"font-weight: 400;\">: El Sitio Web puede utilizar servicios de terceros que recopilaran informaci\u00f3n con fines estad\u00edsticos, de uso del Site por parte del usuario y para la prestaci\u00f3n de otros servicios relacionados con la actividad del Website y otros servicios de Internet.<\/span><\/p>\n<p><span style=\"font-weight: 400;\">En particular, este sitio Web utiliza:<\/span><\/p>\n<ul>\n<li><span style=\"font-weight: 400;\">\u00a0 \u00a0 \u00a0 \u00a0 Google Analytics, un servicio anal\u00edtico de web prestado por Google, Inc. con domicilio en los Estados Unidos con sede central en 1600 Amphitheatre Parkway, Mountain View, California 94043. \u00a0Para la prestaci\u00f3n de estos servicios, estos utilizan cookies que recopilan la informaci\u00f3n, incluida la direcci\u00f3n IP del usuario, que ser\u00e1 transmitida, tratada y almacenada por Google en los t\u00e9rminos fijados en la Web Google.com. Incluyendo la posible transmisi\u00f3n de dicha informaci\u00f3n a terceros por razones de exigencia legal o cuando dichos terceros procesen la informaci\u00f3n por cuenta de Google.<\/span><\/li>\n<\/ul>\n<table>\n<tbody>\n<tr>\n<td><span style=\"font-weight: 400;\">NOMBRE<\/span><\/td>\n<td><span style=\"font-weight: 400;\">DURACI\u00d3N PREDETERMINADA<\/span><\/td>\n<td><span style=\"font-weight: 400;\">FINALIDAD Y DOMINIO<\/span><\/td>\n<\/tr>\n<tr>\n<td><span style=\"font-weight: 400;\">__ut__utma, __utmb, __utmc, __utmz<\/span><\/td>\n<td><span style=\"font-weight: 400;\">2 a\u00f1os a partir de la configuraci\u00f3n o actualizaci\u00f3n<\/span><\/td>\n<td><span style=\"font-weight: 400;\">Google Analytics ,Permite analizar el tr\u00e1fico de la web y obtener estad\u00edsticas de navegaci\u00f3n. <\/span><a href=\"http:\/\/www.google.com\/analytics\/\"><span style=\"font-weight: 400;\">M\u00e1s informaci\u00f3n<\/span><\/a><span style=\"font-weight: 400;\">.<\/span><\/td>\n<\/tr>\n<tr>\n<td><span style=\"font-weight: 400;\">Cookie: __qca<\/span><\/td>\n<td><span style=\"font-weight: 400;\">2 a\u00f1os a partir de la configuraci\u00f3n o actualizaci\u00f3n<\/span><\/td>\n<td><span style=\"font-weight: 400;\">WordPress: Permite analizar el tr\u00e1fico de la web \u00a0y a todos sus usuarios le instala inevitablemente una cookie de estad\u00edsticas que rastrea y almacena su IP en una empresa estadounidense (Automaticc) a trav\u00e9s de un tercero (Quantcast) la suya es una cookie generalmente asociada a Quantcast, Proporcionan el ranking de sitios web, y los datos que recogen tambi\u00e9n se utiliza para la segmentaci\u00f3n de la audiencia.<\/span><\/td>\n<\/tr>\n<tr>\n<td><span style=\"font-weight: 400;\">wordpress_test_cookie<\/span><\/td>\n<td><span style=\"font-weight: 400;\">Caduca al finalizar la sesi\u00f3n.<\/span><\/td>\n<td><span style=\"font-weight: 400;\">Se usa para que el gestor de contenidos WordPress compruebe si el navegador tiene las cookies activadas. Es una cookie de tercero: WordPress. <\/span><a href=\"http:\/\/automattic.com\/privacy\/\"><span style=\"font-weight: 400;\">M\u00e1s informaci\u00f3n<\/span><\/a><span style=\"font-weight: 400;\">.<\/span><\/td>\n<\/tr>\n<\/tbody>\n<\/table>\n<p><b>Desactivar las cookies<\/b><\/p>\n<p><span style=\"font-weight: 400;\">Puede usted permitir, bloquear o eliminar las cookies instaladas en su equipo mediante la configuraci\u00f3n de las opciones del navegador instalado en su ordenador.<\/span><\/p>\n<p><span style=\"font-weight: 400;\">A continuaci\u00f3n puede acceder a la configuraci\u00f3n de los navegadores webs m\u00e1s frecuentes para aceptar, instalar o desactivar las cookies:<\/span><\/p>\n<ul>\n<li style=\"font-weight: 400;\"><a href=\"http:\/\/support.google.com\/chrome\/bin\/answer.py?hl=es&amp;answer=95647\"><span style=\"font-weight: 400;\">Chrome<\/span><\/a><\/li>\n<li style=\"font-weight: 400;\"><a href=\"http:\/\/windows.microsoft.com\/es-es\/windows7\/how-to-manage-cookies-in-internet-explorer-9\"><span style=\"font-weight: 400;\">Explorer<\/span><\/a><\/li>\n<li style=\"font-weight: 400;\"><a href=\"http:\/\/support.mozilla.org\/es\/kb\/habilitar-y-deshabilitar-cookies-que-los-sitios-we\"><span style=\"font-weight: 400;\">Firefox<\/span><\/a><\/li>\n<li style=\"font-weight: 400;\"><a href=\"http:\/\/support.apple.com\/kb\/ph5042\"><span style=\"font-weight: 400;\">Safari<\/span><\/a><\/li>\n<\/ul>\n<p><span style=\"font-weight: 400;\">Al desactivar a eliminar las cookies, parte del Sitio Web no funcionar\u00e1 o la calidad de la p\u00e1gina web puede verse afectada.<\/span><\/p>\n","protected":false},"excerpt":{"rendered":"<p>Qui\u00e9nes somos La direcci\u00f3n de nuestra web es: http:\/\/milvocesviolestas.org. Somos Mil Voces Violetas, una asociaci\u00f3n feminista asturiana con sede en\u00a0Calle Manuel Llaneza 68, planta baja, 33208, Gij\u00f3n. Documento revisado el 5\/11\/2018 Aviso Legal El Aviso Legal regula las condiciones, el acceso y la utilizaci\u00f3n del sitio Web, sus contenidos. Mil Voces Violetas se reserva el<\/p>\n","protected":false},"author":1,"featured_media":0,"parent":0,"menu_order":0,"comment_status":"closed","ping_status":"closed","template":"fullwidth.php","meta":{"footnotes":""},"_links":{"self":[{"href":"https:\/\/www.milvocesvioletas.org\/index.php\/wp-json\/wp\/v2\/pages\/3"}],"collection":[{"href":"https:\/\/www.milvocesvioletas.org\/index.php\/wp-json\/wp\/v2\/pages"}],"about":[{"href":"https:\/\/www.milvocesvioletas.org\/index.php\/wp-json\/wp\/v2\/types\/page"}],"author":[{"embeddable":true,"href":"https:\/\/www.milvocesvioletas.org\/index.php\/wp-json\/wp\/v2\/users\/1"}],"replies":[{"embeddable":true,"href":"https:\/\/www.milvocesvioletas.org\/index.php\/wp-json\/wp\/v2\/comments?post=3"}],"version-history":[{"count":12,"href":"https:\/\/www.milvocesvioletas.org\/index.php\/wp-json\/wp\/v2\/pages\/3\/revisions"}],"predecessor-version":[{"id":1227,"href":"https:\/\/www.milvocesvioletas.org\/index.php\/wp-json\/wp\/v2\/pages\/3\/revisions\/1227"}],"wp:attachment":[{"href":"https:\/\/www.milvocesvioletas.org\/index.php\/wp-json\/wp\/v2\/media?parent=3"}],"curies":[{"name":"wp","href":"https:\/\/api.w.org\/{rel}","templated":true}]}}